{"id":21,"date":"2019-05-28T03:11:18","date_gmt":"2019-05-28T03:11:18","guid":{"rendered":"http:\/\/beautyconhair.de\/?page_id=21"},"modified":"2019-05-28T03:19:17","modified_gmt":"2019-05-28T03:19:17","slug":"impressum","status":"publish","type":"page","link":"https:\/\/beautyconhair.de\/?page_id=21","title":{"rendered":"Impressum"},"content":{"rendered":"\n<p><\/p>\n\n\n\n<p>Beauty con Hair<br>Kosmetik &amp; Friseur<br>Medizinische Fu\u00dfpflege<br>Gabriele Bremser, Kosmetikerin<br>Nina Baskan, Friseurmeisterin<\/p>\n\n\n\n<p>Beauty con Hair<br>Ottilienplatz 6<br>47058 Duisburg- Duissern<br>Telefon: 0203 378 55 69 Kosmetik<br>Telefon 0203 34 34 85 Friseur<br>Mobil: 0160 95 36 08 76<br><br><br><\/p>\n\n\n\n<p>Inhaberinnen: Gabriele Bremser und Nina Baskan<\/p>\n\n\n\n<p>Mail: <a href=\"mailto:gabrielebremser@googlemail.com\">gabrielebremser@googlemail.com<\/a> \/ <a href=\"mailto:ninabaskan@gmail.com\">ninabaskan@gmail.com<\/a><br><\/p>\n\n\n\n<p>Telefon: 02033785569<\/p>\n\n\n\n<p>Gabriele Bremser Steuernummer: 109\/5024\/1371<br>Nina Baskan Steuernummer:<\/p>\n\n\n\n<p>Finanzamt Duisburg Mitte<\/p>\n\n\n\n<p>Gerichtsstand: Duisburg Amtsgericht<\/p>\n\n\n\n<p>Webdesign: Thomas Bremser 2019 <br><a href=\"http:\/\/www.thomasbremser.de\">www.thomasbremser.de<\/a><\/p>\n\n\n\n<p>Webmaster Telefon 020355249539 \/ Mobil 015129103158<br><br>Haftungsausschluss<\/p>\n\n\n\n<p>Der Autor \u00fcbernimmt keinerlei Gew\u00e4hr f\u00fcr die Aktualit\u00e4t, Korrektheit, Vollst\u00e4ndigkeit oder Qualit\u00e4t der<br>bereitgestellten Informationen. Haftungsanspr\u00fcche gegen den Autor, welche sich auf Sch\u00e4de materieller<\/p>\n\n\n\n<p>oder ideeller Art beziehen, die durch die Nutzung oder Nichtnutzung der dargebotenen Informationen bzw. durch die Nutzung fehlerhafter und unvollst\u00e4ndiger Informationen verursacht wurden, sind grunds\u00e4tzlich ausgeschlossen, sofern seitens des Autors kein nachweislich vors\u00e4tzliches oder grob fahrl\u00e4ssiges Verschulden vorliegt. Alle Angebote sind freibleibend und unverbindlich. Der Autor beh\u00e4lt es sich ausdr\u00fccklich vor, Teile der Seiten oder das gesamte Angebot ohne gesonderte Ank\u00fcndigung zu ver\u00e4ndern, zu erg\u00e4nzen, zu l\u00f6schen oder die Ver\u00f6ffentlichung zeitweise oder endg\u00fcltig einzustellen<\/p>\n\n\n\n<p><\/p>\n","protected":false},"excerpt":{"rendered":"<p>Beauty con HairKosmetik &amp; FriseurMedizinische Fu\u00dfpflegeGabriele Bremser, KosmetikerinNina Baskan, Friseurmeisterin Beauty con HairOttilienplatz 647058 Duisburg- DuissernTelefon: 0203 378 55 69 KosmetikTelefon 0203 34 34 85 FriseurMobil: 0160 95 36 08 76 Inhaberinnen: Gabriele Bremser und Nina Baskan Mail: gabrielebremser@googlemail.com \/ ninabaskan@gmail.com Telefon: 02033785569 Gabriele Bremser Steuernummer: 109\/5024\/1371Nina Baskan Steuernummer: Finanzamt Duisburg Mitte Gerichtsstand: Duisburg Amtsgericht &hellip; <\/p>\n<p class=\"link-more\"><a href=\"https:\/\/beautyconhair.de\/?page_id=21\" class=\"more-link\"><span class=\"screen-reader-text\">\u201eImpressum\u201c<\/span> weiterlesen<\/a><\/p>\n","protected":false},"author":1,"featured_media":15,"parent":0,"menu_order":0,"comment_status":"closed","ping_status":"closed","template":"","meta":{"footnotes":""},"class_list":["post-21","page","type-page","status-publish","has-post-thumbnail","hentry"],"_links":{"self":[{"href":"https:\/\/beautyconhair.de\/index.php?rest_route=\/wp\/v2\/pages\/21","targetHints":{"allow":["GET"]}}],"collection":[{"href":"https:\/\/beautyconhair.de\/index.php?rest_route=\/wp\/v2\/pages"}],"about":[{"href":"https:\/\/beautyconhair.de\/index.php?rest_route=\/wp\/v2\/types\/page"}],"author":[{"embeddable":true,"href":"https:\/\/beautyconhair.de\/index.php?rest_route=\/wp\/v2\/users\/1"}],"replies":[{"embeddable":true,"href":"https:\/\/beautyconhair.de\/index.php?rest_route=%2Fwp%2Fv2%2Fcomments&post=21"}],"version-history":[{"count":3,"href":"https:\/\/beautyconhair.de\/index.php?rest_route=\/wp\/v2\/pages\/21\/revisions"}],"predecessor-version":[{"id":24,"href":"https:\/\/beautyconhair.de\/index.php?rest_route=\/wp\/v2\/pages\/21\/revisions\/24"}],"wp:featuredmedia":[{"embeddable":true,"href":"https:\/\/beautyconhair.de\/index.php?rest_route=\/wp\/v2\/media\/15"}],"wp:attachment":[{"href":"https:\/\/beautyconhair.de\/index.php?rest_route=%2Fwp%2Fv2%2Fmedia&parent=21"}],"curies":[{"name":"wp","href":"https:\/\/api.w.org\/{rel}","templated":true}]}}